{"id":99,"date":"2016-05-07T02:26:05","date_gmt":"2016-05-07T00:26:05","guid":{"rendered":"http:\/\/gemeinwohlyoga.de\/?page_id=99"},"modified":"2022-10-05T12:08:07","modified_gmt":"2022-10-05T10:08:07","slug":"links","status":"publish","type":"page","link":"http:\/\/gemeinwohlyoga.de\/index.php\/kontakt\/links\/","title":{"rendered":"Interessante Links"},"content":{"rendered":"<h2>Yoga-Ausbildung:<\/h2>\n<p>Yogaschule D\u00fcsseldorf: <a href=\"http:\/\/www.yogaforum-duesseldorf.de\" target=\"_blank\" rel=\"noopener\">www.yogaforum-duesseldorf.de<\/a><\/p>\n<p>Yogaschule N\u00fcrnberg: <a href=\"http:\/\/www.yogaschule-nordbayern.de\" target=\"_blank\" rel=\"noopener\">www.yogaschule-nordbayern.de<\/a><\/p>\n<p>Yogaschule M\u00fcnster-Osnabr\u00fcck: <a href=\"http:\/\/www.ya-mo.de\" target=\"_blank\" rel=\"noopener\">www.ya-mo.de<\/a><\/p>\n<p>Yoga in der Grundschule: <a href=\"https:\/\/deref-gmx.net\/mail\/client\/wpAJB2tG0ew\/dereferrer\/?redirectUrl=http%3A%2F%2Fwww.koag.org\" target=\"_blank\" rel=\"noopener\">www.koag.org<\/a><\/p>\n<h2>Yogab\u00fccher, Zeitschriften, Verband, Zubeh\u00f6r:<\/h2>\n<p>Berufsverband der Yogalehrenden in Deutschland (BDY): <a href=\"http:\/\/www.yoga.de\">www.yoga.de<\/a><\/p>\n<p>Bausinger Yoga Online-Shop: <a href=\"http:\/\/www.bausinger.de\" target=\"_blank\" rel=\"noopener\">www.bausinger.de<\/a><\/p>\n<p>Deutsches Yoga-Forum, Zeitschrift des BDY: <a href=\"http:\/\/www.yoga.de\/bdy-publikationen\/\" target=\"_blank\" rel=\"noopener\">www.yoga.de<\/a><\/p>\n<p>Verlag via nova: <a href=\"http:\/\/www.verlag-vianova.de\" target=\"_blank\" rel=\"noopener\">www.verlag-vianova.de<\/a><\/p>\n<p>Yoga-Literatur Verkauf und Versand: <a href=\"http:\/\/www.yoga.de\/klaus_koenig\" target=\"_blank\" rel=\"noopener\">www.yoga.de\/klaus_koenig<\/a><\/p>\n<h2>Kooperationspartner:<\/h2>\n<p><a href=\"http:\/\/www.trek-atlas.com\" target=\"_blank\" rel=\"noopener\">www.trek-atlas.com<\/a><br \/>\n<a href=\"http:\/\/www.kin-ifr.de\" target=\"_blank\" rel=\"noopener\">www.kin-ifr.de<\/a><br \/>\n<a href=\"http:\/\/www.morisco.de\" target=\"_blank\" rel=\"noopener\">www.morisco.de<\/a><br \/>\n<a href=\"http:\/\/www.atem-traumatherapie.de\" target=\"_blank\" rel=\"noopener\">www.atem-traumatherapie.de<\/a><br \/>\n<a href=\"http:\/\/www.bergvision.de\" target=\"_blank\" rel=\"noopener\">www.bergvision.de<\/a><\/p>\n<h2>weitere interessante Homepages:<\/h2>\n<p><a href=\"http:\/\/www.laks.de\" target=\"_blank\" rel=\"noopener\">www.laks.de<\/a><br \/>\n<a href=\"http:\/\/www.Kino-Traumstern.de\" target=\"_blank\" rel=\"noopener\">www.Kino-Traumstern.de<\/a><br \/>\n<a href=\"http:\/\/www.Jakobs-Bilder.de\" target=\"_blank\" rel=\"noopener\">www.Jakobs-Bilder.de<\/a><br \/>\n<a href=\"http:\/\/www.diegesellschafter.de\" target=\"_blank\" rel=\"noopener\">www.diegesellschafter.de<\/a><br \/>\n<a href=\"http:\/\/www.kultur-lich.de\" target=\"_blank\" rel=\"noopener\">www.kultur-lich.de<\/a><br \/>\n<a href=\"http:\/\/www.versoehnungsbund.de\" target=\"_blank\" rel=\"noopener\">www.versoehnungsbund.de <\/a><\/p>\n<p>www. soziale-verteidigung.de<\/p>\n","protected":false},"excerpt":{"rendered":"<p>Yoga-Ausbildung: Yogaschule D\u00fcsseldorf: www.yogaforum-duesseldorf.de Yogaschule N\u00fcrnberg: www.yogaschule-nordbayern.de Yogaschule M\u00fcnster-Osnabr\u00fcck: www.ya-mo.de Yoga in der Grundschule: www.koag.org Yogab\u00fccher, Zeitschriften, Verband, Zubeh\u00f6r: Berufsverband der Yogalehrenden in Deutschland (BDY): www.yoga.de Bausinger Yoga Online-Shop: www.bausinger.de Deutsches Yoga-Forum, Zeitschrift des BDY: www.yoga.de Verlag via nova: www.verlag-vianova.de Yoga-Literatur Verkauf und Versand: www.yoga.de\/klaus_koenig Kooperationspartner: www.trek-atlas.com www.kin-ifr.de www.morisco.de www.atem-traumatherapie.de&hellip; <\/p>\n","protected":false},"author":1,"featured_media":0,"parent":95,"menu_order":4,"comment_status":"closed","ping_status":"closed","template":"","meta":[],"_links":{"self":[{"href":"http:\/\/gemeinwohlyoga.de\/index.php\/wp-json\/wp\/v2\/pages\/99"}],"collection":[{"href":"http:\/\/gemeinwohlyoga.de\/index.php\/wp-json\/wp\/v2\/pages"}],"about":[{"href":"http:\/\/gemeinwohlyoga.de\/index.php\/wp-json\/wp\/v2\/types\/page"}],"author":[{"embeddable":true,"href":"http:\/\/gemeinwohlyoga.de\/index.php\/wp-json\/wp\/v2\/users\/1"}],"replies":[{"embeddable":true,"href":"http:\/\/gemeinwohlyoga.de\/index.php\/wp-json\/wp\/v2\/comments?post=99"}],"version-history":[{"count":13,"href":"http:\/\/gemeinwohlyoga.de\/index.php\/wp-json\/wp\/v2\/pages\/99\/revisions"}],"predecessor-version":[{"id":812,"href":"http:\/\/gemeinwohlyoga.de\/index.php\/wp-json\/wp\/v2\/pages\/99\/revisions\/812"}],"up":[{"embeddable":true,"href":"http:\/\/gemeinwohlyoga.de\/index.php\/wp-json\/wp\/v2\/pages\/95"}],"wp:attachment":[{"href":"http:\/\/gemeinwohlyoga.de\/index.php\/wp-json\/wp\/v2\/media?parent=99"}],"curies":[{"name":"wp","href":"https:\/\/api.w.org\/{rel}","templated":true}]}}