{"id":570,"date":"2018-04-13T13:54:58","date_gmt":"2018-04-13T11:54:58","guid":{"rendered":"http:\/\/gemeinwohlyoga.de\/?page_id=570"},"modified":"2018-04-13T14:22:23","modified_gmt":"2018-04-13T12:22:23","slug":"gemeinwohlyoga-in-stichworten","status":"publish","type":"page","link":"http:\/\/gemeinwohlyoga.de\/index.php\/gemeinwohlyoga-in-stichworten\/","title":{"rendered":"GemeinwohlYoga in Stichworten"},"content":{"rendered":"<h2>Was ist Gemeinwohl?<\/h2>\n<p>Gemeinwohl ist inhaltlich nicht festgelegt, sondern ergibt sich aus dem Konsens der Betroffenen, der demokratisch immer wieder neu ausgehandelt werden muss.<\/p>\n<p>Betroffene sind die Mitglieder einer Gemeinschaft, eines Staates, die gesamte Weltbev\u00f6lkerung, Mutter Erde und alle Lebewesen. Wir alle bilden eine Lebensgemeinschaft und sind aufeinander angewiesen.<\/p>\n<p>Bezogen auf das Zusammenleben zwischen uns Menschen bedeutet \u201aGemeinwohl\u2018 daf\u00fcr zu sorgen, dass jeder Mensch sich und sein Potenzial m\u00f6glichst frei entfalten kann, wobei seine Freiheit<br \/>\ndort endet, wo ein anderer Mensch in seiner freien Entfaltung eingeschr\u00e4nkt w\u00fcrde.<\/p>\n<p>Dies beinhaltet eine solidarische Unterst\u00fctzung von Schw\u00e4cheren und geht einher mit einer Begrenzung und Kontrolle von gesellschaftlicher Machtansammlung.<br \/>\nEin wesentliches Ziel von Gemeinwohl besteht darin, die Lebensgrundlagen f\u00fcr zuk\u00fcnftige Generationen, f\u00fcr Tiere und Pflanzen nachhaltig zu sichern.<\/p>\n<h3>Stichworte:<\/h3>\n<ul>\n<li><strong><a href=\"http:\/\/gemeinwohlyoga.de\/wp-content\/uploads\/2018\/04\/GemeinwohlYoga_in_Stichworten_GanzheitlichesGewahrsein.pdf\" target=\"_blank\">Ganzheitliches Gewahrsein<\/a><\/strong><\/li>\n<\/ul>\n<blockquote><p>verwandte Begriffe: Anf\u00e4ngergeist, Achtsamkeit, Pr\u00e4senz, Aufmerksamkeit, holographisches Bewusstsein <a href=\"http:\/\/gemeinwohlyoga.de\/wp-content\/uploads\/2018\/04\/GemeinwohlYoga_in_Stichworten_GanzheitlichesGewahrsein.pdf\" target=\"_blank\">mehr &#8230;<\/a><\/p><\/blockquote>\n<ul>\n<li><strong><a href=\"http:\/\/gemeinwohlyoga.de\/wp-content\/uploads\/2018\/04\/GemeinwohlYoga_in_Stichworten_Grundlagen.pdf\" target=\"_blank\">Grundlagen des GemeinwohlYoga<\/a><\/strong><\/li>\n<\/ul>\n<blockquote><p>GemeinwohlYoga: Ein Weg zur Selbsterm\u00e4chtigung <a href=\"http:\/\/gemeinwohlyoga.de\/wp-content\/uploads\/2018\/04\/GemeinwohlYoga_in_Stichworten_Grundlagen.pdf\">mehr &#8230;<\/a><\/p><\/blockquote>\n<ul>\n<li><strong><a href=\"http:\/\/gemeinwohlyoga.de\/wp-content\/uploads\/2018\/04\/GemeinwohlYoga_in_Stichworten_Hochsensibilit\u00e4t.pdf\" target=\"_blank\">Hochsensibilit\u00e4t<\/a><\/strong><\/li>\n<\/ul>\n<blockquote><p>Ich schreibe hier nicht \u00fcber einzelne Sonderlinge, sondern \u00fcber eine Personengruppe, die zwischen 15 und 20 Prozent der Gesamtbev\u00f6lkerung ausmacht unabh\u00e4ngig von Geschlecht, ethischer Herkunft oder kulturellem Hintergrund: \u00fcber hochsensible Menschen. <a href=\"http:\/\/gemeinwohlyoga.de\/wp-content\/uploads\/2018\/04\/GemeinwohlYoga_in_Stichworten_Hochsensibilit%C3%A4t.pdf\" target=\"_blank\">mehr &#8230;<\/a><\/p><\/blockquote>\n<ul>\n<li><strong><a href=\"http:\/\/gemeinwohlyoga.de\/wp-content\/uploads\/2018\/04\/GemeinwohlYoga_in_Stichworten_Politik_der_Freiheit.pdf\" target=\"_blank\">Politik der Freiheit<\/a><\/strong><\/li>\n<\/ul>\n<blockquote><p>Was bringt einen Menschen dazu, aufzustehen und sich zu wehren?<br \/>\nEs ist das Gef\u00fchl, dass etwas um ihn herum grundlegend schief l\u00e4uft und dass es ihn bedroht.<br \/>\nAus dem Gef\u00fchl, es nicht l\u00e4nger ertragen zu k\u00f6nnen, erw\u00e4chst Aufbegehren. <a href=\"http:\/\/gemeinwohlyoga.de\/wp-content\/uploads\/2018\/04\/GemeinwohlYoga_in_Stichworten_Politik_der_Freiheit.pdf\" target=\"_blank\">mehr &#8230;<\/a><\/p><\/blockquote>\n<ul>\n<li><strong><a href=\"http:\/\/gemeinwohlyoga.de\/wp-content\/uploads\/2018\/04\/GemeinwohlYoga_in_Stichworten_Praesenz.pdf\" target=\"_blank\">Pr\u00e4senz<\/a><\/strong><\/li>\n<\/ul>\n<blockquote><p>\u201eJETZT beginnt eine Einf\u00fchrung in Yoga, die auf Erfahrung beruht.\u201c (skr.: atha yoganusasanam). So beginnt einer der heute einflussreichsten Quellentexte des Yoga, <a href=\"http:\/\/gemeinwohlyoga.de\/wp-content\/uploads\/2018\/04\/GemeinwohlYoga_in_Stichworten_Praesenz.pdf\" target=\"_blank\">mehr &#8230;<\/a><\/p><\/blockquote>\n<ul>\n<li><strong><a href=\"http:\/\/gemeinwohlyoga.de\/wp-content\/uploads\/2018\/04\/GemeinwohlYoga_in_Stichworten_Selbststeuerung.pdf\" target=\"_blank\">Selbststeuerung: Leben gegen den Strom<\/a><\/strong><\/li>\n<\/ul>\n<blockquote><p>Sich selbst steuern, das eigne Leben selbst gestalten zu k\u00f6nnen, geht einher mit einem starken Gef\u00fchl der Zufriedenheit, ja der Lust, der Lust an einem erf\u00fcllten Leben. <a href=\"http:\/\/gemeinwohlyoga.de\/wp-content\/uploads\/2018\/04\/GemeinwohlYoga_in_Stichworten_Selbststeuerung.pdf\" target=\"_blank\">mehr &#8230;<\/a><\/p><\/blockquote>\n<ul>\n<li><strong><a href=\"http:\/\/gemeinwohlyoga.de\/wp-content\/uploads\/2018\/04\/GemeinwohlYoga_in_Stichworten_Verbindung.pdf\" target=\"_blank\">Verbindung<\/a><\/strong><\/li>\n<\/ul>\n<blockquote><p>verwandte Begriffe: Einklang mit sich selbst, zwischenmenschliche Beziehungen, Umweltbewusstsein,\u00a0 Einheitsbewusstsein, unio mystica <a href=\"http:\/\/gemeinwohlyoga.de\/wp-content\/uploads\/2018\/04\/GemeinwohlYoga_in_Stichworten_Verbindung.pdf\" target=\"_blank\">mehr &#8230;<\/a><\/p><\/blockquote>\n","protected":false},"excerpt":{"rendered":"<p>Was ist Gemeinwohl? Gemeinwohl ist inhaltlich nicht festgelegt, sondern ergibt sich aus dem Konsens der Betroffenen, der demokratisch immer wieder neu ausgehandelt werden muss. Betroffene sind die Mitglieder einer Gemeinschaft, eines Staates, die gesamte Weltbev\u00f6lkerung, Mutter Erde und alle Lebewesen. Wir alle bilden eine Lebensgemeinschaft und sind aufeinander angewiesen. Bezogen&hellip; <\/p>\n","protected":false},"author":1,"featured_media":0,"parent":0,"menu_order":3,"comment_status":"closed","ping_status":"closed","template":"","meta":[],"_links":{"self":[{"href":"http:\/\/gemeinwohlyoga.de\/index.php\/wp-json\/wp\/v2\/pages\/570"}],"collection":[{"href":"http:\/\/gemeinwohlyoga.de\/index.php\/wp-json\/wp\/v2\/pages"}],"about":[{"href":"http:\/\/gemeinwohlyoga.de\/index.php\/wp-json\/wp\/v2\/types\/page"}],"author":[{"embeddable":true,"href":"http:\/\/gemeinwohlyoga.de\/index.php\/wp-json\/wp\/v2\/users\/1"}],"replies":[{"embeddable":true,"href":"http:\/\/gemeinwohlyoga.de\/index.php\/wp-json\/wp\/v2\/comments?post=570"}],"version-history":[{"count":9,"href":"http:\/\/gemeinwohlyoga.de\/index.php\/wp-json\/wp\/v2\/pages\/570\/revisions"}],"predecessor-version":[{"id":589,"href":"http:\/\/gemeinwohlyoga.de\/index.php\/wp-json\/wp\/v2\/pages\/570\/revisions\/589"}],"wp:attachment":[{"href":"http:\/\/gemeinwohlyoga.de\/index.php\/wp-json\/wp\/v2\/media?parent=570"}],"curies":[{"name":"wp","href":"https:\/\/api.w.org\/{rel}","templated":true}]}}