{"id":145,"date":"2016-05-07T22:40:15","date_gmt":"2016-05-07T20:40:15","guid":{"rendered":"http:\/\/gemeinwohlyoga.de\/?page_id=145"},"modified":"2016-07-29T23:03:53","modified_gmt":"2016-07-29T21:03:53","slug":"geschaeftsbedingungen","status":"publish","type":"page","link":"http:\/\/gemeinwohlyoga.de\/index.php\/kontakt\/geschaeftsbedingungen\/","title":{"rendered":"Gesch\u00e4ftsbedingungen"},"content":{"rendered":"<h2>Yoga individuell<\/h2>\n<h6>Stand 2009<\/h6>\n<h3>Ferienkurse\u00a0 Gesch\u00e4ftsbedingungen:<\/h3>\n<h6>1. Anmeldung, Anzahlung und Restzahlung<\/h6>\n<p>Die Anmeldung erfolgt schriftlich. Verbindlich wird die Anmeldung, wenn wir Ihnen Kurstermin und Preis best\u00e4tigen. Weicht der Inhalt der Best\u00e4tigung vom Inhalt der Anmeldung ab, so liegt ein neues Angebot von Yoga-individuell vor, an das wir f\u00fcr die Dauer von 10 Tagen gebunden sind. Der Vertrag kommt auf der Grundlage des neuen Angebots zustande, wenn Sie innerhalb der Bindungsfrist von Yoga- Individuell die Annahme erkl\u00e4ren. Die Anzahlung betr\u00e4gt 200,-\u20ac, die Restzahlung f\u00fcr den Unterricht wird bis sp\u00e4testens 14 Tage vor Beginn des Kurses\u00a0 f\u00e4llig.<\/p>\n<h6>2. Leistungen und Preise:<\/h6>\n<p>Die im Preis enthaltenen Leistungen sind bei dem jeweiligen Kursangebot beschrieben. Die Berichtigung von Irrt\u00fcmern, Druck- und Rechenfehlern behalten wir uns vor. Die Fl\u00fcge werden von jedem Teilnehmenden selbst gebucht. Bitte beachten Sie dabei, dass die Flugpreise steigen k\u00f6nnen, je n\u00e4her der Abflugtermin r\u00fcckt. Leistungen aus Ihrer Reise, die Sie nicht in Anspruch nehmen, k\u00f6nnen von uns nicht zur\u00fcckerstattet werden.<\/p>\n<p>Beim Flughafentransfer beachten Sie bitte die in den Reiseunterlagen angegebenen Zeiten und Bedingungen.<\/p>\n<p>Die Bezahlung von Unterkunft, Verpflegung und anderen Leistungen erfolgt in bar vor Ort bei dem jeweiligen Anbieter. Die Preise sind Festpreise, sodass Sie Preissicherheit haben. Genaue Auflistung des\u00a0 Angebots siehe Reiseunterlagen in Verbindung mit dem jeweiligen Unterrichts-Kurs.<\/p>\n<p>Der Preis des Doppelzimmers bezieht sich auf eine Buchung mit zwei Personen. Wird das DZ nur von einer Person belegt, kann das Hotel einen Aufschlag wie beim EZ erheben.<\/p>\n<h6>3. R\u00fccktritt durch den Kunden, Umbuchungen, Ersatzpersonen:<\/h6>\n<p>Falls Sie von einer gebuchten Veranstaltung zur\u00fccktreten m\u00fcssen, stellen wir bis zum 30. Tag vor Reiseantritt eine Geb\u00fchr von 20 % des Gesamtpreises pro Person, mindestens jedoch 50,-\u20ac\u00a0 pro Person in Rechnung. Bei R\u00fccktritt zwischen dem 29. und 21. Tag berechnen wir 30 %\u00a0 des Gesamtpreises, zwischen dem 20. und 7. Tag berechnen wir 60% des Gesamtpreises, und zwischen dem 6. und 1. Tag vor Kursbeginn berechnen wir 90 % des Gesamtpreises, bestehend aus dem Preis f\u00fcr den Unterricht, die Unterkunft und Verpflegung sowie eventueller weiterer gebuchter Leistungen, beispielsweise F\u00fchrer beim Trecken u.\u00e4..<\/p>\n<h6>4. R\u00fccktritt durch den Veranstalter:<\/h6>\n<p>Sollte das Kursangebot nicht zustande kommen, weil die angegebene Mindestteilnehmerzahl nicht erreicht wurde, so k\u00f6nnen wir vom Vertrag zur\u00fccktreten. Dies gilt nur wenn Sie von uns sp\u00e4testens 14 Tage vor dem Kursbeginn \u00fcber die Nichtdurchf\u00fchrung des Kurses\u00a0 informiert wurden. Geleistete Zahlungen werden von uns dann unverz\u00fcglich zur\u00fcckerstattet. Weitere Anspr\u00fcche bestehen nicht.<\/p>\n<h6>5. Wichtig f\u00fcr Ihre Buchung ist:<\/h6>\n<p>Die Reise erfolgt auf eigene Gefahr.<\/p>\n<p>Yoga-Individuell ist\u00a0 kein Reiseunternehmen, sondern bietet nur Unterricht an. Der Unterricht ist so gestaltet, dass er von einem gesunden Menschen absolviert werden kann. Die \u00dcbungen werden Schritt f\u00fcr Schritt aufgebaut, sodass sie auch von weniger gelenkigen Menschen ausgef\u00fchrt werden k\u00f6nnen. Die Teilnahme erfolgt auf eigne Gefahr, eventuelle gesundheitliche\u00a0 Einschr\u00e4nkungen m\u00fcssen dem Kursleiter mitgeteilt werden. Dann kann der Kursleiter in\u00a0 begrenztem Umfang, soweit es in einer Gruppe m\u00f6glich ist, Alternativen zu einzelnen \u00dcbungen anbieten.<\/p>\n<p>F\u00fcr das Einhalten der Pass-, Zoll- und Devisenvorschriften ist jeder Teilnehmer selbst verantwortlich. Bitte beachten Sie, dass bei einer Einreise nach Marokko Ihr Reisepass noch mindestens 6 Monate g\u00fcltig sein muss. Besondere Impfungen sind f\u00fcr die Reise nach Marokko nicht vorgeschrieben. Ob Ihre Gesundheit den Anforderungen einer Reise nach Marokko gewachsen ist, bitten wir Sie im besonderen Fall durch Ihren Arzt beurteilen zu lassen. F\u00fcr Sch\u00e4den, die Sie sich oder anderen zuf\u00fcgen, sind Sie selbst verantwortlich. Wir empfehlen Ihnen in jedem Fall den Abschluss einer Reiseversicherung.<\/p>\n<p>&nbsp;<\/p>\n<p>Als <a href=\"http:\/\/gemeinwohlyoga.de\/wp-content\/uploads\/2016\/05\/ferienkurseGeschaeftsbedingungen.pdf\" target=\"_blank\">PDF herunterladen<\/a><\/p>\n<p>&nbsp;<\/p>\n","protected":false},"excerpt":{"rendered":"<p>Yoga individuell Stand 2009 Ferienkurse\u00a0 Gesch\u00e4ftsbedingungen: 1. Anmeldung, Anzahlung und Restzahlung Die Anmeldung erfolgt schriftlich. Verbindlich wird die Anmeldung, wenn wir Ihnen Kurstermin und Preis best\u00e4tigen. Weicht der Inhalt der Best\u00e4tigung vom Inhalt der Anmeldung ab, so liegt ein neues Angebot von Yoga-individuell vor, an das wir f\u00fcr die Dauer&hellip; <\/p>\n","protected":false},"author":1,"featured_media":0,"parent":95,"menu_order":4,"comment_status":"closed","ping_status":"closed","template":"","meta":[],"_links":{"self":[{"href":"http:\/\/gemeinwohlyoga.de\/index.php\/wp-json\/wp\/v2\/pages\/145"}],"collection":[{"href":"http:\/\/gemeinwohlyoga.de\/index.php\/wp-json\/wp\/v2\/pages"}],"about":[{"href":"http:\/\/gemeinwohlyoga.de\/index.php\/wp-json\/wp\/v2\/types\/page"}],"author":[{"embeddable":true,"href":"http:\/\/gemeinwohlyoga.de\/index.php\/wp-json\/wp\/v2\/users\/1"}],"replies":[{"embeddable":true,"href":"http:\/\/gemeinwohlyoga.de\/index.php\/wp-json\/wp\/v2\/comments?post=145"}],"version-history":[{"count":10,"href":"http:\/\/gemeinwohlyoga.de\/index.php\/wp-json\/wp\/v2\/pages\/145\/revisions"}],"predecessor-version":[{"id":319,"href":"http:\/\/gemeinwohlyoga.de\/index.php\/wp-json\/wp\/v2\/pages\/145\/revisions\/319"}],"up":[{"embeddable":true,"href":"http:\/\/gemeinwohlyoga.de\/index.php\/wp-json\/wp\/v2\/pages\/95"}],"wp:attachment":[{"href":"http:\/\/gemeinwohlyoga.de\/index.php\/wp-json\/wp\/v2\/media?parent=145"}],"curies":[{"name":"wp","href":"https:\/\/api.w.org\/{rel}","templated":true}]}}