{"id":139,"date":"2016-05-07T22:33:37","date_gmt":"2016-05-07T20:33:37","guid":{"rendered":"http:\/\/gemeinwohlyoga.de\/?page_id=139"},"modified":"2016-07-15T18:35:23","modified_gmt":"2016-07-15T16:35:23","slug":"buchbesprechungen","status":"publish","type":"page","link":"http:\/\/gemeinwohlyoga.de\/index.php\/veroeffentlichungen\/buchbesprechungen\/","title":{"rendered":"Buchbesprechungen"},"content":{"rendered":"<p><strong><a href=\"http:\/\/gemeinwohlyoga.de\/wp-content\/uploads\/2016\/05\/gemeinwohloekonomieRez.pdf\" target=\"_blank\">Die Gemeinwohl-\u00d6konomie<\/a><\/strong><br \/>\nvon Christian Felber, Deuticke Verlag, aktualisierte und erweiterte Neuausgabe 2012, 17,90 Euro<\/p>\n<p><strong><a href=\"http:\/\/gemeinwohlyoga.de\/wp-content\/uploads\/2016\/07\/derTibetischeYogaDesHerzens.pdf\" target=\"_blank\">&#8222;Der tibetische Yoga des Herzens&#8220;<\/a><\/strong><br \/>\nvon Geshe Michael Roach, Theseus-Verlag 2004, 14,50 Euro<\/p>\n<p><strong><a href=\"http:\/\/gemeinwohlyoga.de\/wp-content\/uploads\/2016\/07\/SammelbesprechungMichaelRoach.pdf\" target=\"_blank\">Sammelbesprechung<\/a><\/strong><br \/>\nder deutschsprachigen B\u00fccher von Geshe Michael Roach<\/p>\n<p><strong><a href=\"http:\/\/gemeinwohlyoga.de\/wp-content\/uploads\/2016\/07\/PanoramaDerNeuenReligiositaet.pdf\" target=\"_blank\">&#8222;Panorama der neuen Religiosit\u00e4t. Sinnsuche und Heilsversprechen zu Beginn des 21. Jahrhunderts.&#8220;<br \/>\n<\/a><\/strong>Herausgegeben im Auftrag der Evangelischen Zentralstelle f\u00fcr Weltanschauungsfragen (EZW), Berlin. G\u00fctersloher Verlagshaus , G\u00fctersloh 2001, 672 Seiten<\/p>\n","protected":false},"excerpt":{"rendered":"<p>Die Gemeinwohl-\u00d6konomie von Christian Felber, Deuticke Verlag, aktualisierte und erweiterte Neuausgabe 2012, 17,90 Euro &#8222;Der tibetische Yoga des Herzens&#8220; von Geshe Michael Roach, Theseus-Verlag 2004, 14,50 Euro Sammelbesprechung der deutschsprachigen B\u00fccher von Geshe Michael Roach &#8222;Panorama der neuen Religiosit\u00e4t. Sinnsuche und Heilsversprechen zu Beginn des 21. Jahrhunderts.&#8220; Herausgegeben im Auftrag&hellip; <\/p>\n","protected":false},"author":1,"featured_media":0,"parent":134,"menu_order":1,"comment_status":"closed","ping_status":"closed","template":"","meta":[],"_links":{"self":[{"href":"http:\/\/gemeinwohlyoga.de\/index.php\/wp-json\/wp\/v2\/pages\/139"}],"collection":[{"href":"http:\/\/gemeinwohlyoga.de\/index.php\/wp-json\/wp\/v2\/pages"}],"about":[{"href":"http:\/\/gemeinwohlyoga.de\/index.php\/wp-json\/wp\/v2\/types\/page"}],"author":[{"embeddable":true,"href":"http:\/\/gemeinwohlyoga.de\/index.php\/wp-json\/wp\/v2\/users\/1"}],"replies":[{"embeddable":true,"href":"http:\/\/gemeinwohlyoga.de\/index.php\/wp-json\/wp\/v2\/comments?post=139"}],"version-history":[{"count":5,"href":"http:\/\/gemeinwohlyoga.de\/index.php\/wp-json\/wp\/v2\/pages\/139\/revisions"}],"predecessor-version":[{"id":300,"href":"http:\/\/gemeinwohlyoga.de\/index.php\/wp-json\/wp\/v2\/pages\/139\/revisions\/300"}],"up":[{"embeddable":true,"href":"http:\/\/gemeinwohlyoga.de\/index.php\/wp-json\/wp\/v2\/pages\/134"}],"wp:attachment":[{"href":"http:\/\/gemeinwohlyoga.de\/index.php\/wp-json\/wp\/v2\/media?parent=139"}],"curies":[{"name":"wp","href":"https:\/\/api.w.org\/{rel}","templated":true}]}}