{"id":13,"date":"2016-05-06T18:27:15","date_gmt":"2016-05-06T18:27:15","guid":{"rendered":"http:\/\/gemeinwohlyoga.de\/?page_id=13"},"modified":"2024-01-30T13:52:10","modified_gmt":"2024-01-30T12:52:10","slug":"home","status":"publish","type":"page","link":"http:\/\/gemeinwohlyoga.de\/","title":{"rendered":"Lebensmut und Lebensfreude"},"content":{"rendered":"\n<p>Durchatmen, zur Ruhe kommen, Kraft sch\u00f6pfen. <\/p>\n\n\n\n<p>In diesen unruhigen Zeiten brauchen wir Gelegenheiten, um zu entspannen und um die Gedanken zur Ruhe zu bringen. Gelegenheiten, um uns wieder zu f\u00fchlen und um die Gedanken zu kl\u00e4ren. <\/p>\n\n\n\n<p>In meinem Unterricht lege ich Wert darauf, dass der K\u00f6rper velseitig bewegt wird, sodass Verspannungen und Haltungssch\u00e4den vorgebeugt werden kann. Dazu biete ich einfache Bewegungen an, die auch Unge\u00fcbte ausf\u00fchren k\u00f6nnen, denn ich passe die Yoga-\u00dcbungen jeweils an die individuellen M\u00f6glichkeiten der Menschen an.<\/p>\n\n\n<div class=\"wp-container-2 entry-content wp-block-post-content\">\n<p>Durchatmen, zur Ruhe kommen, Kraft sch\u00f6pfen. <\/p>\n\n\n\n<p>In diesen unruhigen Zeiten brauchen wir Gelegenheiten, um zu entspannen und um die Gedanken zur Ruhe zu bringen. Gelegenheiten, um uns wieder zu f\u00fchlen und um die Gedanken zu kl\u00e4ren. <\/p>\n\n\n\n<p>In meinem Unterricht lege ich Wert darauf, dass der K\u00f6rper velseitig bewegt wird, sodass Verspannungen und Haltungssch\u00e4den vorgebeugt werden kann. Dazu biete ich einfache Bewegungen an, die auch Unge\u00fcbte ausf\u00fchren k\u00f6nnen, denn ich passe die Yoga-\u00dcbungen jeweils an die individuellen M\u00f6glichkeiten der Menschen an.<\/p>\n\n\n\n\n\n<p>Atem\u00fcbungen und Meditation stellen den einen weiteren Schwerpunkt einer jeden Yoga-Stunde dar. Begleitend dazu stelle tiefere Aspekte des Yoga-Konzepts vor. <\/p>\n\n\n\n<p>Heute erscheint Yoga h\u00e4ufig als eine Form der Gymnastik zur Erhaltung der Fitness. Doch dieselben \u00dcbungen, die uns k\u00f6rperlich gesund erhalten, k\u00f6nnen unter geeigneter Anleitung dazu dienen, unsere sozialen und mitmenschlichen F\u00e4higkeiten zu entfalten und uns als Teil des gro\u00dfen Ganzen zu empfinden. <\/p>\n\n\n\n<p>Im Zentrum des Yoga steht die Anbindung des \u00fcbenden Menschen an die universelle Lebenskraft. Wir k\u00f6nnen sie sp\u00fcren, denn sie pulsiert in uns und in jedem Lebewesen auf dieser Erde. Durch sie sind wir mit allen Menschen und allen Lebewesen verbunden.<\/p>\n\n\n\n<p><\/p>\n\n\n\n<p><\/p>\n\n\n\n<p>    <\/p>\n\n\n\n<p><\/p>\n\n\n\n<p><\/p>\n<\/div>\n\n\n<p>Atem\u00fcbungen und Meditation stellen den einen weiteren Schwerpunkt einer jeden Yoga-Stunde dar. Begleitend dazu stelle tiefere Aspekte des Yoga-Konzepts vor. <\/p>\n\n\n\n<p>Heute erscheint Yoga h\u00e4ufig als eine Form der Gymnastik zur Erhaltung der Fitness. Doch dieselben \u00dcbungen, die uns k\u00f6rperlich gesund erhalten, k\u00f6nnen unter geeigneter Anleitung dazu dienen, unsere sozialen und mitmenschlichen F\u00e4higkeiten zu entfalten und uns als Teil des gro\u00dfen Ganzen zu empfinden. <\/p>\n\n\n\n<p>Im Zentrum des Yoga steht die Anbindung des \u00fcbenden Menschen an die universelle Lebenskraft. Wir k\u00f6nnen sie sp\u00fcren, denn sie pulsiert in uns und in jedem Lebewesen auf dieser Erde. Durch sie sind wir mit allen Menschen und allen Lebewesen verbunden.<\/p>\n\n\n\n<p><\/p>\n\n\n\n<p><\/p>\n\n\n\n<p>    <\/p>\n\n\n\n<p><\/p>\n\n\n\n<p><\/p>\n","protected":false},"excerpt":{"rendered":"<p>Durchatmen, zur Ruhe kommen, Kraft sch\u00f6pfen. In diesen unruhigen Zeiten brauchen wir Gelegenheiten, um zu entspannen und um die Gedanken zur Ruhe zu bringen. Gelegenheiten, um uns wieder zu f\u00fchlen und um die Gedanken zu kl\u00e4ren. In meinem Unterricht lege ich Wert darauf, dass der K\u00f6rper velseitig bewegt wird, sodass&hellip; <\/p>\n","protected":false},"author":1,"featured_media":0,"parent":0,"menu_order":0,"comment_status":"closed","ping_status":"closed","template":"page-templates\/page-template-business.php","meta":[],"_links":{"self":[{"href":"http:\/\/gemeinwohlyoga.de\/index.php\/wp-json\/wp\/v2\/pages\/13"}],"collection":[{"href":"http:\/\/gemeinwohlyoga.de\/index.php\/wp-json\/wp\/v2\/pages"}],"about":[{"href":"http:\/\/gemeinwohlyoga.de\/index.php\/wp-json\/wp\/v2\/types\/page"}],"author":[{"embeddable":true,"href":"http:\/\/gemeinwohlyoga.de\/index.php\/wp-json\/wp\/v2\/users\/1"}],"replies":[{"embeddable":true,"href":"http:\/\/gemeinwohlyoga.de\/index.php\/wp-json\/wp\/v2\/comments?post=13"}],"version-history":[{"count":8,"href":"http:\/\/gemeinwohlyoga.de\/index.php\/wp-json\/wp\/v2\/pages\/13\/revisions"}],"predecessor-version":[{"id":886,"href":"http:\/\/gemeinwohlyoga.de\/index.php\/wp-json\/wp\/v2\/pages\/13\/revisions\/886"}],"wp:attachment":[{"href":"http:\/\/gemeinwohlyoga.de\/index.php\/wp-json\/wp\/v2\/media?parent=13"}],"curies":[{"name":"wp","href":"https:\/\/api.w.org\/{rel}","templated":true}]}}