{"id":114,"date":"2016-05-07T21:34:11","date_gmt":"2016-05-07T19:34:11","guid":{"rendered":"http:\/\/gemeinwohlyoga.de\/?page_id=114"},"modified":"2024-01-03T17:18:55","modified_gmt":"2024-01-03T16:18:55","slug":"yoga-in-unternehmen","status":"publish","type":"page","link":"http:\/\/gemeinwohlyoga.de\/index.php\/gemeinwohlyoga\/yoga-in-unternehmen\/","title":{"rendered":"Yoga in Unternehmen"},"content":{"rendered":"<h2>Mein Angebot richtet sich nur an Firmen, die eine \u00f6kologisch nachhaltige und gemeinwohlorientierte Witschaftsweise anstreben. Diesen Ansatz m\u00f6chte ich mit meiner Arbeit unterst\u00fctzen.<\/h2>\n<h2>Ziele<\/h2>\n<p>Yogaunterricht ist mittlerweise in vielen Firmen fest integriert. Mein Angebot richtet sich an Firmen und an Einzelpersonen im Berufsleben mit folgenden Schwerpunkten f\u00fcr Fach- und F\u00fchrungskr\u00e4fte:<\/p>\n<ul>\n<li>k\u00f6rperliche u. geistige Gesunderhaltung\/Pr\u00e4vention<\/li>\n<li>Abbau von Stre\u00df\/Entspannungstraining<\/li>\n<li>Selbst-und Umfeldsensibilisierung<\/li>\n<li>Pers\u00f6nlichkeitsentwicklung\/F\u00f6rderung der Kreativit\u00e4t und des Selbstmanagements<\/li>\n<li>Entwicklung der emotionalen Intelligenz<\/li>\n<li>Erwerb von Sozialkompetenz<\/li>\n<li>Geistestraining\/ Meditation<\/li>\n<\/ul>\n<p>Im Rahmen der betrieblichen Gesundheitsvorsorge biete ich Seminare an, die von der Zentralen Pr\u00fcfstelle f\u00fcr Pr\u00e4vention (ZPP) zertifiziert sind.<\/p>\n<p>Ziel der Kurse ist es, psychischen oder physischen Spannungszust\u00e4nden vorzubeugen bzw. zu reduzieren und gesundheitsbewusster mit Stress umzugehen. Die individuellen Bew\u00e4ltigungskompetenzen werden gest\u00e4rkt und ein Trainingsprogramm f\u00fcr ein selbstst\u00e4ndiges \u00dcben nach Kursende erarbeitet und einge\u00fcbt.<\/p>\n<p>Die F\u00f6rderung durch Krankenkassen im Bereich Prim\u00e4rpr\u00e4vention und der betrieblichen Gesundheitsf\u00f6rderung nach \u00a720 und \u00a7 20 a SGB V ist m\u00f6glich. Au\u00dferdem unterst\u00fctzt der Staat die betriebliche Gesundheitsf\u00f6rderung zus\u00e4tzlich. Je Arbeitnehmer sind Leistungen des Arbeitgebers zur betrieblichen Gesundheitsf\u00f6rderung bis zu einem Freibetrag von 500,-\u20ac pro Jahr und zus\u00e4tzlich zum Lohn bzw. Gehalt nach \u00a7 3 Nr.34 EStG steuerfrei.<\/p>\n<p>Die Kurse k\u00f6nnen sowohl wohnortnah als auch wohnortfern angeboten werden:<\/p>\n<p><strong><em>Termine nach Vereinbarung<\/em><\/strong><\/p>\n","protected":false},"excerpt":{"rendered":"<p>Mein Angebot richtet sich nur an Firmen, die eine \u00f6kologisch nachhaltige und gemeinwohlorientierte Witschaftsweise anstreben. Diesen Ansatz m\u00f6chte ich mit meiner Arbeit unterst\u00fctzen. Ziele Yogaunterricht ist mittlerweise in vielen Firmen fest integriert. Mein Angebot richtet sich an Firmen und an Einzelpersonen im Berufsleben mit folgenden Schwerpunkten f\u00fcr Fach- und F\u00fchrungskr\u00e4fte:&hellip; <\/p>\n","protected":false},"author":1,"featured_media":0,"parent":24,"menu_order":10,"comment_status":"closed","ping_status":"closed","template":"","meta":[],"_links":{"self":[{"href":"http:\/\/gemeinwohlyoga.de\/index.php\/wp-json\/wp\/v2\/pages\/114"}],"collection":[{"href":"http:\/\/gemeinwohlyoga.de\/index.php\/wp-json\/wp\/v2\/pages"}],"about":[{"href":"http:\/\/gemeinwohlyoga.de\/index.php\/wp-json\/wp\/v2\/types\/page"}],"author":[{"embeddable":true,"href":"http:\/\/gemeinwohlyoga.de\/index.php\/wp-json\/wp\/v2\/users\/1"}],"replies":[{"embeddable":true,"href":"http:\/\/gemeinwohlyoga.de\/index.php\/wp-json\/wp\/v2\/comments?post=114"}],"version-history":[{"count":6,"href":"http:\/\/gemeinwohlyoga.de\/index.php\/wp-json\/wp\/v2\/pages\/114\/revisions"}],"predecessor-version":[{"id":874,"href":"http:\/\/gemeinwohlyoga.de\/index.php\/wp-json\/wp\/v2\/pages\/114\/revisions\/874"}],"up":[{"embeddable":true,"href":"http:\/\/gemeinwohlyoga.de\/index.php\/wp-json\/wp\/v2\/pages\/24"}],"wp:attachment":[{"href":"http:\/\/gemeinwohlyoga.de\/index.php\/wp-json\/wp\/v2\/media?parent=114"}],"curies":[{"name":"wp","href":"https:\/\/api.w.org\/{rel}","templated":true}]}}