{"id":101,"date":"2016-05-07T02:26:46","date_gmt":"2016-05-07T00:26:46","guid":{"rendered":"http:\/\/gemeinwohlyoga.de\/?page_id=101"},"modified":"2024-07-08T23:36:06","modified_gmt":"2024-07-08T21:36:06","slug":"impressum","status":"publish","type":"page","link":"http:\/\/gemeinwohlyoga.de\/index.php\/kontakt\/impressum\/","title":{"rendered":"Impressum"},"content":{"rendered":"<h2>Yoga individuell<\/h2>\n<h6>Verantwortlich im Sinne des Presserechts:<\/h6>\n<p><strong>Yoga individuell<\/strong><br \/>\n<strong> Ulrich Fritsch<\/strong><\/p>\n<p><strong>Br\u00fchgasse 2<\/strong><br \/>\n<strong> 35423 Lich-Langsdorf<\/strong><br \/>\n<strong> Tel.: 06404 \/ 64 939<\/strong><\/p>\n<p>Steuernummer 020 819 00766<\/p>\n<p>ulrich1.fritsch@posteo.de<\/p>\n<p><a href=\"http:\/\/www.yoga-individuell.de\"><em>www.yoga-individuell.de<\/em><\/a><br \/>\n<a href=\"http:\/\/www.Yoga-und-Meditation.de\"><em> www.Yoga-und-Meditation.de<\/em><\/a><br \/>\n<em><a href=\"http:\/\/www.gemeinwohlyoga.de\">www.gemeinwohlyoga.de<\/a><\/em><\/p>\n<h4>Haftungsausschluss:<\/h4>\n<h6>1. Inhalt des Onlineangebotes<\/h6>\n<p>Yoga individuell Ulrich Fritsch (im folgenden Yoga individuell genannt) \u00fcbernimmt keinerlei Gew\u00e4hr f\u00fcr die Aktualit\u00e4t, Korrektheit, Vollst\u00e4ndigkeit oder Qualit\u00e4t der bereitgestellten Informationen. Haftungsanspr\u00fcche gegen Yoga individuell, welche sich auf Sch\u00e4den materieller oder ideeller Art beziehen, die durch die Nutzung oder Nichtnutzung der dargebotenen Informationen bzw. durch die Nutzung fehlerhafter und unvollst\u00e4ndiger Informationen verursacht wurden sind grunds\u00e4tzlich ausgeschlossen, sofern seitens Yoga individuell kein nachweislich vors\u00e4tzliches oder grob fahrl\u00e4ssiges Verschulden vorliegt. Alle Angebote sind freibleibend und unverbindlich. Yoga individuell beh\u00e4lt es sich ausdr\u00fccklich vor, Teile der Seiten oder das gesamte Angebot ohne gesonderte Ank\u00fcndigung zu ver\u00e4ndern, zu erg\u00e4nzen, zu l\u00f6schen oder die Ver\u00f6ffentlichung zeitweise oder endg\u00fcltig einzustellen.<\/p>\n<h6>2. Verweise und Links<\/h6>\n<p>Bei direkten oder indirekten Verweisen auf fremde Internetseiten (&#8222;Links&#8220;), die au\u00dferhalb des Verantwortungsbereiches von Yoga individuell liegen, w\u00fcrde eine Haftungsverpflichtung ausschlie\u00dflich in dem Fall in Kraft treten, in dem Yoga individuell von den Inhalten Kenntnis hat und es ihr technisch m\u00f6glich und zumutbar w\u00e4re, die Nutzung im Falle rechtswidriger Inhalte zu verhindern. Yoga individuell erkl\u00e4rt daher ausdr\u00fccklich, dass zum Zeitpunkt der Linksetzung die entsprechenden verlinkten Seiten frei von illegalen Inhalten waren. Yoga individuell hat keinerlei Einfluss auf die aktuelle und zuk\u00fcnftige Gestaltung und auf die Inhalte der gelinkten\/verkn\u00fcpften Seiten. Deshalb distanziert sie sich hiermit ausdr\u00fccklich von allen Inhalten aller gelinkten \/verkn\u00fcpften Seiten, die nach der Linksetzung ver\u00e4ndert wurden. Diese Feststellung gilt f\u00fcr alle innerhalb des eigenen Internetangebotes gesetzten Links und Verweise sowie f\u00fcr Fremdeintr\u00e4ge in von Yoga individuell eingerichteten G\u00e4steb\u00fcchern, Diskussionsforen und Mailinglisten. F\u00fcr illegale, fehlerhafte oder unvollst\u00e4ndige Inhalte und insbesondere f\u00fcr Sch\u00e4den, die aus der Nutzung oder Nichtnutzung solcherart dargebotener Informationen entstehen, haftet allein der Anbieter der Seite, auf welche verwiesen wurde, nicht derjenige, der \u00fcber Links auf die jeweilige Ver\u00f6ffentlichung lediglich verweist.<\/p>\n<h6>3. Urheber- und Kennzeichenrecht<\/h6>\n<p>Yoga individuell ist bestrebt, in allen Publikationen die Urheberrechte der verwendeten Grafiken, Tondokumente, Videosequenzen und Texte zu beachten, von ihm selbst erstellte Grafiken, Tondokumente, Videosequenzen und Texte zu nutzen oder auf lizenzfreie Grafiken, Tondokumente, Videosequenzen und Texte zur\u00fcckzugreifen. Alle innerhalb des Internetangebotes genannten und ggf. durch Dritte gesch\u00fctzten Marken- und Warenzeichen unterliegen uneingeschr\u00e4nkt den Bestimmungen des jeweils g\u00fcltigen Kennzeichenrechts und den Besitzrechten der jeweiligen eingetragenen Eigent\u00fcmer. Allein aufgrund der blo\u00dfen Nennung ist nicht der Schlu\u00df zu ziehen, dass Markenzeichen nicht durch Rechte Dritter gesch\u00fctzt sind! Das Copyright f\u00fcr ver\u00f6ffentlichte, von Yoga individuell selbst erstellte Objekte bleibt allein beim Autor der Seiten. Eine Vervielf\u00e4ltigung oder Verwendung solcher Grafiken, Tondokumente, Videosequenzen und Texte in anderen elektronischen oder gedruckten Publikationen ist ohne ausdr\u00fcckliche Zustimmung des Autors nicht gestattet.<\/p>\n<h6>4. <a href=\"http:\/\/gemeinwohlyoga.de\/index.php\/kontakt\/datenschutzerklaerung\/\">Datenschutz<\/a><\/h6>\n<h6>5. Rechtswirksamkeit dieses Haftungsausschlusses<\/h6>\n<p>Dieser Haftungsausschluss ist als Teil des Internetangebotes zu betrachten, von dem aus auf diese Seite verwiesen wurde. Sofern Teile oder einzelne Formulierungen dieses Textes der geltenden Rechtslage nicht, nicht mehr oder nicht vollst\u00e4ndig entsprechen sollten, bleiben die \u00fcbrigen Teile des Dokumentes in ihrem Inhalt und ihrer G\u00fcltigkeit davon unber\u00fchrt.<\/p>\n<h5>Keine Abmahnung ohne vorherigen Kontakt (siehe auch: \u00a7 8 Abs. 4 UWG)<\/h5>\n<p>Sollte irgendwelcher Inhalt oder die designtechnische Gestaltung einzelner Seiten oder Teile dieses Onlineportals fremde Rechte Dritter oder gesetzliche Bestimmungen verletzen oder anderweitig in irgendeiner Form wettbewerbsrechtliche Probleme hervorbringen, so bitten wir um eine angemessene, ausreichend erl\u00e4uternde und schnelle Nachricht ohne Kostennote. Wir garantieren, dass die zu Recht beanstandeten Passagen oder Teile des Portals unverz\u00fcglich entfernt bzw. den rechtlichen Vorgaben umf\u00e4nglich angepasst werden, ohne dass von Ihrer Seite die Einschaltung eines Rechtsbeistandes erforderlich ist. Die zeitaufw\u00e4ndige Einschaltung eines Anwaltes zu der f\u00fcr den Diensteanbieter kostenpflichtigen Abmahnung entspricht nicht dessen wirklichen oder mutma\u00dflichen Willen.<\/p>\n","protected":false},"excerpt":{"rendered":"<p>Yoga individuell Verantwortlich im Sinne des Presserechts: Yoga individuell Ulrich Fritsch Br\u00fchgasse 2 35423 Lich-Langsdorf Tel.: 06404 \/ 64 939 Steuernummer 020 819 00766 ulrich1.fritsch@posteo.de www.yoga-individuell.de www.Yoga-und-Meditation.de www.gemeinwohlyoga.de Haftungsausschluss: 1. Inhalt des Onlineangebotes Yoga individuell Ulrich Fritsch (im folgenden Yoga individuell genannt) \u00fcbernimmt keinerlei Gew\u00e4hr f\u00fcr die Aktualit\u00e4t, Korrektheit, Vollst\u00e4ndigkeit&hellip; <\/p>\n","protected":false},"author":1,"featured_media":0,"parent":95,"menu_order":5,"comment_status":"closed","ping_status":"closed","template":"","meta":[],"_links":{"self":[{"href":"http:\/\/gemeinwohlyoga.de\/index.php\/wp-json\/wp\/v2\/pages\/101"}],"collection":[{"href":"http:\/\/gemeinwohlyoga.de\/index.php\/wp-json\/wp\/v2\/pages"}],"about":[{"href":"http:\/\/gemeinwohlyoga.de\/index.php\/wp-json\/wp\/v2\/types\/page"}],"author":[{"embeddable":true,"href":"http:\/\/gemeinwohlyoga.de\/index.php\/wp-json\/wp\/v2\/users\/1"}],"replies":[{"embeddable":true,"href":"http:\/\/gemeinwohlyoga.de\/index.php\/wp-json\/wp\/v2\/comments?post=101"}],"version-history":[{"count":13,"href":"http:\/\/gemeinwohlyoga.de\/index.php\/wp-json\/wp\/v2\/pages\/101\/revisions"}],"predecessor-version":[{"id":918,"href":"http:\/\/gemeinwohlyoga.de\/index.php\/wp-json\/wp\/v2\/pages\/101\/revisions\/918"}],"up":[{"embeddable":true,"href":"http:\/\/gemeinwohlyoga.de\/index.php\/wp-json\/wp\/v2\/pages\/95"}],"wp:attachment":[{"href":"http:\/\/gemeinwohlyoga.de\/index.php\/wp-json\/wp\/v2\/media?parent=101"}],"curies":[{"name":"wp","href":"https:\/\/api.w.org\/{rel}","templated":true}]}}